{"id":78,"date":"2023-01-11T13:30:36","date_gmt":"2023-01-11T12:30:36","guid":{"rendered":"https:\/\/www.chello.se\/?page_id=78"},"modified":"2023-01-11T13:33:19","modified_gmt":"2023-01-11T12:33:19","slug":"framtidens-bredband","status":"publish","type":"page","link":"https:\/\/www.chello.se\/?page_id=78","title":{"rendered":"Framtidens bredband"},"content":{"rendered":"<p><img decoding=\"async\" loading=\"lazy\" class=\"alignleft size-full wp-image-80\" src=\"https:\/\/www.chello.se\/wp-content\/uploads\/sites\/75\/2023\/01\/framtidens-bredband.jpg\" alt=\"\" width=\"729\" height=\"400\" srcset=\"https:\/\/www.chello.se\/wp-content\/uploads\/sites\/75\/2023\/01\/framtidens-bredband.jpg 729w, https:\/\/www.chello.se\/wp-content\/uploads\/sites\/75\/2023\/01\/framtidens-bredband-300x165.jpg 300w\" sizes=\"(max-width: 729px) 100vw, 729px\" \/><\/p>\n<p>&nbsp;<\/p>\n<p>&nbsp;<\/p>\n<p>&nbsp;<\/p>\n<p>&nbsp;<\/p>\n<p>&nbsp;<\/p>\n<p>&nbsp;<\/p>\n<p>&nbsp;<\/p>\n<p>&nbsp;<\/p>\n<p>Det \u00e4r sv\u00e5rt att s\u00e4ga exakt hur framtiden kommer att se ut, men det finns vissa teknologier och trender som f\u00f6rv\u00e4ntas ha en stor inverkan p\u00e5 utvecklingen av bredband. Ett exempel \u00e4r fiberoptisk teknologi, som m\u00f6jligg\u00f6r mycket h\u00f6ga hastigheter och har redan b\u00f6rjat anv\u00e4ndas i vissa omr\u00e5den f\u00f6r att skapa bredband med hastigheter som \u00f6verstiger 1 Gbps. Det finns ocks\u00e5 forskning och utveckling av 5G-teknologi, som \u00e4r t\u00e4nkt att kunna leverera h\u00f6ga hastigheter och l\u00e5g latens \u00f6ver mobiln\u00e4tet, vilket kan g\u00f6ra det m\u00f6jligt att erbjuda bredbandsanslutningar via mobila enheter. En annan trend \u00e4r den \u00f6kade anv\u00e4ndningen av molntj\u00e4nster och internet of things (IoT), vilket kan kr\u00e4va h\u00f6gre bandbredd och mer robusta anslutningar.<\/p>\n<p>Fiberoptisk teknologi \u00e4r en av de viktigaste utvecklingarna n\u00e4r det g\u00e4ller bredband. Fiberoptiska kablar best\u00e5r av optiska fibrer som anv\u00e4nder ljus f\u00f6r att \u00f6verf\u00f6ra data, och detta m\u00f6jligg\u00f6r mycket h\u00f6ga hastigheter och stor kapacitet. Fiberoptisk teknologi anv\u00e4nds redan f\u00f6r att skapa bredband med hastigheter p\u00e5 upp till 1 Gbps eller mer i vissa omr\u00e5den, och det f\u00f6rv\u00e4ntas att detta kommer att bli vanligare i framtiden.<\/p>\n<p>5G \u00e4r den senaste generationen av mobiltelefoni och \u00e4r t\u00e4nkt att kunna leverera h\u00f6ga hastigheter och l\u00e5g latens \u00f6ver mobiln\u00e4tet. Detta kan g\u00f6ra det m\u00f6jligt att erbjuda bredbandsanslutningar via mobila enheter, s\u00e5som smartphones eller surfplattor. Det finns redan 5G-n\u00e4t som installerats i vissa omr\u00e5den och det f\u00f6rv\u00e4ntas att 5G-t\u00e4ckningen kommer att bli allt vanligare i framtiden.<\/p>\n<p>Internet of Things (IoT) refererar till alla de enheter och sensorer som \u00e4r anslutna till internet, s\u00e5som smarta klockor, s\u00e4kerhetssensorer, smarta hem-enheter, och s\u00e5 vidare. Dessa enheter genererar och samlar in data och kan vara konstant anslutna till internet f\u00f6r att kommunicera med varandra och med molntj\u00e4nster. Detta kommer att kr\u00e4va mer bandbredd och mer robusta anslutningar, vilket kan p\u00e5verka utvecklingen av bredband i framtiden.<\/p>\n<p>Molntj\u00e4nster, inklusive molntj\u00e4nster f\u00f6r lagring och molntj\u00e4nster f\u00f6r ber\u00e4kning, \u00e4r en annan trend som f\u00f6rv\u00e4ntas \u00f6ka i popularitet. Detta kommer att inneb\u00e4ra \u00f6kad efterfr\u00e5gan p\u00e5 h\u00f6ghastighets-<br \/>\nanslutningar f\u00f6r att kunna \u00f6verf\u00f6ra stora m\u00e4ngder data mellan enheter och molnet.<\/p>\n<p>Sammanfattningsvis, det finns flera teknologier och trender som f\u00f6rv\u00e4ntas ha en stor inverkan p\u00e5 utvecklingen av bredband i framtiden, inklusive fiberoptisk teknologi, 5G, Internet of things (IoT) och molntj\u00e4nster. Dessa kommer att bidra till att skapa h\u00f6ghastighetsbredband och g\u00f6ra det tillg\u00e4ngligt f\u00f6r fler m\u00e4nniskor.<\/p>\n","protected":false},"excerpt":{"rendered":"<p>&nbsp; &nbsp; &nbsp; &nbsp; &nbsp; &nbsp; &nbsp; &nbsp; Det \u00e4r sv\u00e5rt att s\u00e4ga exakt hur framtiden kommer att se ut,[&#8230;]<\/p>\n","protected":false},"author":1,"featured_media":0,"parent":0,"menu_order":0,"comment_status":"closed","ping_status":"closed","template":"","meta":[],"_links":{"self":[{"href":"https:\/\/www.chello.se\/index.php?rest_route=\/wp\/v2\/pages\/78"}],"collection":[{"href":"https:\/\/www.chello.se\/index.php?rest_route=\/wp\/v2\/pages"}],"about":[{"href":"https:\/\/www.chello.se\/index.php?rest_route=\/wp\/v2\/types\/page"}],"author":[{"embeddable":true,"href":"https:\/\/www.chello.se\/index.php?rest_route=\/wp\/v2\/users\/1"}],"replies":[{"embeddable":true,"href":"https:\/\/www.chello.se\/index.php?rest_route=%2Fwp%2Fv2%2Fcomments&post=78"}],"version-history":[{"count":3,"href":"https:\/\/www.chello.se\/index.php?rest_route=\/wp\/v2\/pages\/78\/revisions"}],"predecessor-version":[{"id":84,"href":"https:\/\/www.chello.se\/index.php?rest_route=\/wp\/v2\/pages\/78\/revisions\/84"}],"wp:attachment":[{"href":"https:\/\/www.chello.se\/index.php?rest_route=%2Fwp%2Fv2%2Fmedia&parent=78"}],"curies":[{"name":"wp","href":"https:\/\/api.w.org\/{rel}","templated":true}]}}