{"id":69,"date":"2022-11-11T12:42:00","date_gmt":"2022-11-11T11:42:00","guid":{"rendered":"https:\/\/www.chello.se\/?page_id=69"},"modified":"2022-11-11T12:55:14","modified_gmt":"2022-11-11T11:55:14","slug":"snabbt-bredband-i-sverige","status":"publish","type":"page","link":"https:\/\/www.chello.se\/?page_id=69","title":{"rendered":"Snabbt bredband i Sverige"},"content":{"rendered":"<p><img decoding=\"async\" loading=\"lazy\" class=\"alignleft size-full wp-image-73\" src=\"https:\/\/www.chello.se\/wp-content\/uploads\/sites\/75\/2022\/11\/bredband-sverige.jpg\" alt=\"\" width=\"530\" height=\"406\" srcset=\"https:\/\/www.chello.se\/wp-content\/uploads\/sites\/75\/2022\/11\/bredband-sverige.jpg 530w, https:\/\/www.chello.se\/wp-content\/uploads\/sites\/75\/2022\/11\/bredband-sverige-300x230.jpg 300w\" sizes=\"(max-width: 530px) 100vw, 530px\" \/>Sverige \u00e4r en av v\u00e4rldens mest uppkopplade l\u00e4nder. Hela landets vuxna befolkning har tillg\u00e5ng till Internet. En stor f\u00f6rtj\u00e4nst \u00e4r den <a href=\"https:\/\/www.ssnf.org\/sveriges-stadsnat\/nytt-om-stadsnaten\/aktuella\/regeringen-okar-takten-i-bredbandsutbyggnaden\/\">svenska statens initiativ<\/a>. D\u00e5 beslutade politiker och regeringen att hela landet skall ha bredband. Det s\u00e5gs som en demokratisk r\u00e4ttighet. Grunden i utbyggnaden \u00e4r all fiber som har dragits genom hela landet, i alla svenska kommuner. I t\u00e4tort som p\u00e5 glesbygd. I kommuner d\u00e4r det finns st\u00f6rre orter s\u00e5 har stadsn\u00e4t skapats, dessa \u00e4r en viktig infastruktur som m\u00f6jligg\u00f6r fri konkurrens i de \u00f6ppna n\u00e4ten. Det finns \u00e4ven st\u00e4ngda stadsn\u00e4t men de flesta \u00e4r \u00f6ppna. I dessa kan det finnas mer \u00e4n 15 st olika bredbandsleverant\u00f6rer. S\u00e5dan gynnar alltid kunderna, d\u00e5 sund konkurrens g\u00f6r att priser pressas. \u00c4ven den tekniska utvecklingen s\u00e5som n\u00e4tens kapacitet och bredbandshastigheter samt olika kringtj\u00e4nster utvecklas snabbare och blir b\u00e4ttre n\u00e4r f\u00f6retag t\u00e4vlar fritt om kunder.<\/p>\n<p>Det bredband vi har i Sverige, \u00e4r ett av de b\u00e4sta i hela v\u00e4rlden. Det som g\u00f6r det s\u00e5 bra, \u00e4r kombinationen av v\u00e4ldigt h\u00f6ga hastigheter till v\u00e4ldigt l\u00e5ga priser, n\u00e4r man j\u00e4mf\u00f6r med andra l\u00e4nder. De snabba hastigheterna \u00e4r tack vare det fina fibern\u00e4t som har gr\u00e4vts fram i hela landet. I dagsl\u00e4get \u00e4r 1000 Mbit\/s den h\u00f6gsta hastigheten man kan v\u00e4lja. Flera rikst\u00e4ckande f\u00f6retag erbjuder denna hastighet, b\u00e5de som nedladdning och uppladdning. Dessa \u00e4r Telia, Tele2, Allente, Ownit, Bahnhof, Telenor och Bredband2.<\/p>\n<p>Vi f\u00e5r m\u00e5nga fr\u00e5gor fr\u00e5n v\u00e5ra bes\u00f6kare vilket bredband vi rekommenderar. Vilken leverant\u00f6r vi tycker \u00e4r b\u00e4st. Det \u00e4r den eviga och sv\u00e5ra fr\u00e5gan, f\u00f6r oftast beror det p\u00e5 vilka f\u00f6ruts\u00e4ttningar man har. Fr\u00e4mst vart man bor och vilken typ av bredband och leverant\u00f6r man har tillg\u00e5ng till. Men ocks\u00e5 hur ens nuvarande eller kommande anv\u00e4ndning ser ut. \u00c4r man flera i hush\u00e5llet, har man obegr\u00e4nsat med surf p\u00e5 sitt mobilabonnemang och s\u00e5 vidare. Vi rekommenderar d\u00e4rf\u00f6r att man anv\u00e4nder en tj\u00e4nst som j\u00e4mf\u00f6r bredband, f\u00f6r d\u00e5 kan man enkelt sortera de olika bredbandsleverant\u00f6rer efter ens egna prioriteringar. Dessutom s\u00e5 spar man pengar och tid, genom att snabbt p\u00e5 en bra \u00f6verblick \u00f6ver priser och hastigheter. Det finns flera s\u00e5dana j\u00e4mf\u00f6relsetj\u00e4nster men den vi tycker \u00e4r riktigt bra \u00e4r <a href=\"https:\/\/abonnemang.se\/bredband\/\">Abonnemang.se<\/a>. De \u00e4r den mest helt\u00e4ckande tj\u00e4nsten enligt v\u00e5r mening med aktuella priser och hastigheter.<\/p>\n","protected":false},"excerpt":{"rendered":"<p>Sverige \u00e4r en av v\u00e4rldens mest uppkopplade l\u00e4nder. Hela landets vuxna befolkning har tillg\u00e5ng till Internet. En stor f\u00f6rtj\u00e4nst \u00e4r[&#8230;]<\/p>\n","protected":false},"author":1,"featured_media":0,"parent":0,"menu_order":0,"comment_status":"closed","ping_status":"closed","template":"","meta":[],"_links":{"self":[{"href":"https:\/\/www.chello.se\/index.php?rest_route=\/wp\/v2\/pages\/69"}],"collection":[{"href":"https:\/\/www.chello.se\/index.php?rest_route=\/wp\/v2\/pages"}],"about":[{"href":"https:\/\/www.chello.se\/index.php?rest_route=\/wp\/v2\/types\/page"}],"author":[{"embeddable":true,"href":"https:\/\/www.chello.se\/index.php?rest_route=\/wp\/v2\/users\/1"}],"replies":[{"embeddable":true,"href":"https:\/\/www.chello.se\/index.php?rest_route=%2Fwp%2Fv2%2Fcomments&post=69"}],"version-history":[{"count":5,"href":"https:\/\/www.chello.se\/index.php?rest_route=\/wp\/v2\/pages\/69\/revisions"}],"predecessor-version":[{"id":77,"href":"https:\/\/www.chello.se\/index.php?rest_route=\/wp\/v2\/pages\/69\/revisions\/77"}],"wp:attachment":[{"href":"https:\/\/www.chello.se\/index.php?rest_route=%2Fwp%2Fv2%2Fmedia&parent=69"}],"curies":[{"name":"wp","href":"https:\/\/api.w.org\/{rel}","templated":true}]}}