{"id":24,"date":"2022-01-19T14:35:41","date_gmt":"2022-01-19T13:35:41","guid":{"rendered":"https:\/\/www.chello.se\/?page_id=24"},"modified":"2022-01-19T15:43:16","modified_gmt":"2022-01-19T14:43:16","slug":"nar-chello-ordnade-rockkonsert","status":"publish","type":"page","link":"https:\/\/www.chello.se\/?page_id=24","title":{"rendered":"N\u00e4r Chello ordnade rockkonsert"},"content":{"rendered":"<p>Pressmeddelande Stockholm den 26 april 2001<\/p>\n<h2>Dregen ger fullt \u00f6s i chello-linan<\/h2>\n<p>Stockholmsomr\u00e5dets st\u00f6rsta bredbandsinternetoperat\u00f6r, chello, bjuder i kv\u00e4ll p\u00e5 en livekonsert av det mer udda slaget. Rockbandet Backyard Babies sl\u00e4pper ett nytt album och deras releaseparty direkts\u00e4nds \u00f6ver webben fr\u00e5n frontfiguren Dregens chello-anslutna l\u00e4genhet i Stockholm. Det har blivit allt vanligare att artister l\u00e5ter omv\u00e4rlden ta del av smakprov fr\u00e5n kommande skivor \u00f6ver Internet. Backyard Babies v\u00e4ljer att ta ett steg ytterligare, och d\u00e5 inte bara med en livespelning med de nya l\u00e5tarna. Fans och andra f\u00e5r via webben vara med p\u00e5 bandets releaseparty mellan nio och elva p\u00e5 torsdagskv\u00e4llen. Ulrika Eriksson, k\u00e4nd fr\u00e5n MTV och Silikon, \u00e4r programledare under kv\u00e4llen. &#8211; Med ett antal webbkameror uppsatta i Dregens l\u00e4genhet ser vi till att ingen beh\u00f6ver missa n\u00e5got.<\/p>\n<p>Musiken, k\u00e4ndisminglet och de ov\u00e4ntade uppt\u00e5gen kan upplevas live p\u00e5 chellos portal, f\u00f6rklarar B\u00e5rd Braende, Content Manager hos chello broadband i Skandinavien &#8211; V\u00e5rt deltagande i Backyard Babies releaseparty \u00e4r ett sp\u00e4nnande exempel p\u00e5 nya anv\u00e4ndningsomr\u00e5den f\u00f6r bredband. Det handlar b\u00e5de om en sammansm\u00e4ltning mellan TV och Internet och om m\u00f6jligheter f\u00f6r fler att ta del av h\u00e4ndelser som annars varit f\u00f6runnade ett f\u00e5tal, till\u00e4gger B\u00e5rd Braende. Arrangemanget genomf\u00f6rs som en del i chellos stora underh\u00e5llningssatsning Non Stop Entertainment.<\/p>\n<p>P\u00e5 underh\u00e5llningssidan har chello tidigare bland annat varit f\u00f6rst med test av riktigt video-on-demand (VOD), genomf\u00f6rt en st\u00f6rre n\u00e4tfestival tillsammans med skivbolag och radiostationer samt s\u00e4nt Big Brother i realtid. Om chello broadband chello broadband nv \u00e4r en av v\u00e4rldens ledande leverant\u00f6rer av Internettj\u00e4nster via bredband med etablerad verksamhet i tio l\u00e4nder p\u00e5 tre kontinenter. chello broadband \u00e4r ett dotterbolag till United Pan-Europe Communications (UPC) [AEX:UPC,Nasdaq:UPCOY]. Bolaget erbjuder sina tj\u00e4nster till kabeloperat\u00f6rer andra bredbandbaserade n\u00e4tverk, samt tillhandah\u00e5ller n\u00e4sta generations dygnetrunt-uppkoppling till Internet och bredbandsinneh\u00e5ll till konsumenter och f\u00f6retag.<\/p>\n","protected":false},"excerpt":{"rendered":"<p>Pressmeddelande Stockholm den 26 april 2001 Dregen ger fullt \u00f6s i chello-linan Stockholmsomr\u00e5dets st\u00f6rsta bredbandsinternetoperat\u00f6r, chello, bjuder i kv\u00e4ll p\u00e5[&#8230;]<\/p>\n","protected":false},"author":1,"featured_media":60,"parent":0,"menu_order":0,"comment_status":"closed","ping_status":"closed","template":"","meta":[],"_links":{"self":[{"href":"https:\/\/www.chello.se\/index.php?rest_route=\/wp\/v2\/pages\/24"}],"collection":[{"href":"https:\/\/www.chello.se\/index.php?rest_route=\/wp\/v2\/pages"}],"about":[{"href":"https:\/\/www.chello.se\/index.php?rest_route=\/wp\/v2\/types\/page"}],"author":[{"embeddable":true,"href":"https:\/\/www.chello.se\/index.php?rest_route=\/wp\/v2\/users\/1"}],"replies":[{"embeddable":true,"href":"https:\/\/www.chello.se\/index.php?rest_route=%2Fwp%2Fv2%2Fcomments&post=24"}],"version-history":[{"count":1,"href":"https:\/\/www.chello.se\/index.php?rest_route=\/wp\/v2\/pages\/24\/revisions"}],"predecessor-version":[{"id":25,"href":"https:\/\/www.chello.se\/index.php?rest_route=\/wp\/v2\/pages\/24\/revisions\/25"}],"wp:featuredmedia":[{"embeddable":true,"href":"https:\/\/www.chello.se\/index.php?rest_route=\/wp\/v2\/media\/60"}],"wp:attachment":[{"href":"https:\/\/www.chello.se\/index.php?rest_route=%2Fwp%2Fv2%2Fmedia&parent=24"}],"curies":[{"name":"wp","href":"https:\/\/api.w.org\/{rel}","templated":true}]}}