{"id":2,"date":"2022-01-12T02:19:21","date_gmt":"2022-01-12T01:19:21","guid":{"rendered":"https:\/\/www.temo.se\/chello\/?page_id=2"},"modified":"2022-11-11T12:43:50","modified_gmt":"2022-11-11T11:43:50","slug":"startsida","status":"publish","type":"page","link":"https:\/\/www.chello.se\/","title":{"rendered":"Historien om Chello.se"},"content":{"rendered":"<p>De f\u00f6rsta pilotf\u00f6rs\u00f6ken att introducera bredband i hemmet genomf\u00f6rdes av Telia under 1995 i Farsta men Telia var dock inte ensamma, \u00e4ven andra akt\u00f6rer genomf\u00f6rde liknande tester.<\/p>\n<p>Det var dock inte f\u00f6rr\u00e4n 1999 som bredband p\u00e5 allvar b\u00f6rjade marknadsf\u00f6ras.<\/p>\n<p>Svenska UPC bildades av Familjebost\u00e4der, Svenska Bost\u00e4der och Stockholmshem och hette d\u00e5 Stj\u00e4rnTV.<\/p>\n<p>1999 k\u00f6ptes f\u00f6retaget av UPC och fick d\u00e5 byta namn. UPC \u00e4r dotterbolag till Liberty Global har verksamhet i 13 l\u00e4nder.<\/p>\n<p>Svenska UPC erbj\u00f6d tj\u00e4nster inom digital-TV, kabel-TV och Internet genom tj\u00e4nsten Chello.<\/p>\n<p>F\u00f6rutom internetuppkoppling erbj\u00f6d Chello en portal men nyheter, webmail och egen hemsida.<\/p>\n<p>Ett minnesv\u00e4rd h\u00e4ndelse var en konsert 30 april 2001 d\u00e4r <a href=\"https:\/\/www.chello.se\/?page_id=24\">Chello streamade Backyard Babies releaseparty<\/a> fr\u00e5n Dregens 32kvm stora l\u00e4genhet.<\/p>\n<p>Bolaget var den ledande leverant\u00f6ren av TV- och bredbandstj\u00e4nster i Stockholmsregionen till 2006 d\u00e5 Chello och blev en del av Comhem och Chello f\u00f6rsvinner ur historien.<\/p>\n","protected":false},"excerpt":{"rendered":"<p>De f\u00f6rsta pilotf\u00f6rs\u00f6ken att introducera bredband i hemmet genomf\u00f6rdes av Telia under 1995 i Farsta men Telia var dock inte[&#8230;]<\/p>\n","protected":false},"author":1,"featured_media":47,"parent":0,"menu_order":0,"comment_status":"closed","ping_status":"open","template":"","meta":[],"_links":{"self":[{"href":"https:\/\/www.chello.se\/index.php?rest_route=\/wp\/v2\/pages\/2"}],"collection":[{"href":"https:\/\/www.chello.se\/index.php?rest_route=\/wp\/v2\/pages"}],"about":[{"href":"https:\/\/www.chello.se\/index.php?rest_route=\/wp\/v2\/types\/page"}],"author":[{"embeddable":true,"href":"https:\/\/www.chello.se\/index.php?rest_route=\/wp\/v2\/users\/1"}],"replies":[{"embeddable":true,"href":"https:\/\/www.chello.se\/index.php?rest_route=%2Fwp%2Fv2%2Fcomments&post=2"}],"version-history":[{"count":21,"href":"https:\/\/www.chello.se\/index.php?rest_route=\/wp\/v2\/pages\/2\/revisions"}],"predecessor-version":[{"id":72,"href":"https:\/\/www.chello.se\/index.php?rest_route=\/wp\/v2\/pages\/2\/revisions\/72"}],"wp:featuredmedia":[{"embeddable":true,"href":"https:\/\/www.chello.se\/index.php?rest_route=\/wp\/v2\/media\/47"}],"wp:attachment":[{"href":"https:\/\/www.chello.se\/index.php?rest_route=%2Fwp%2Fv2%2Fmedia&parent=2"}],"curies":[{"name":"wp","href":"https:\/\/api.w.org\/{rel}","templated":true}]}}